{"id":8993,"date":"2023-08-21T15:01:14","date_gmt":"2023-08-21T18:01:14","guid":{"rendered":"https:\/\/blog.tukywaingan.com\/?page_id=8993"},"modified":"2023-08-21T16:52:40","modified_gmt":"2023-08-21T19:52:40","slug":"medios-de-pago","status":"publish","type":"page","link":"https:\/\/blog.tukywaingan.com\/index.php\/medios-de-pago","title":{"rendered":"Medios de pago"},"content":{"rendered":"\n<p><\/p>\n\n\n\n<h1 class=\"wp-block-heading\">Medios de pago<\/h1>\n\n\n\n<h2 class=\"wp-block-heading\">Dudas frecuentes<\/h2>\n\n\n\n<details class=\"wp-block-details is-layout-flow wp-block-details-is-layout-flow\"><summary>\u00bfQu\u00e9 medios de pago puedo utilizar para realizar mi compra?<\/summary>\n<p><\/p>\n<\/details>\n\n\n\n<p>Para pagar tu pedido podr\u00e1s usar:<\/p>\n\n\n\n<p id=\"block-081010d4-c18b-4cb1-abdd-db5e218c1d00\">&#8211;<strong>Todas las tarjetas<\/strong> que ofrece la plataforma de pagos Ual\u00e1 Bis (Visa, Mastercard,Cabal, American Express y Naranja).<br>&#8211;<strong>Transferencia bancaria<\/strong>: Es necesario que me env\u00edes el comprobante de pago a mi whatsapp +54 9 11 5419-6159 (o v\u00eda mail a tienda@blog.tukywaingan.com) o de lo contrario tu pedido no podr\u00e1 ser procesado. Por favor ten\u00e9 en cuenta que si marc\u00e1s este medio de pago ten\u00e9s 48 horas h\u00e1biles para efectuar el pago o de lo contrario, la orden ser\u00e1 cancelada autom\u00e1ticamente.)<br>&#8211;<strong><a href=\"https:\/\/www.lemon.me\/\" data-type=\"link\" data-id=\"https:\/\/www.lemon.me\/\">Lemon<\/a><\/strong>: transferencia directa por Lemontag<br>&#8211;<strong>Mercado Pago<\/strong> teniendo dinero en cuenta con el bot\u00f3n \u00abRealizar Transferencia\u00bb<br>&#8211;<strong>Pagar en efectivo<\/strong> en el momento de la entrega. Por razones de seguridad, concurrir al retiro de tu compra con el monto justo (NO doy cambio).<\/p>\n\n\n\n<p id=\"block-c125f086-db92-4c6c-bd9d-e41b654bffde\"><strong>A tener en cuenta:<\/strong><br>Una vez realizada tu compra ten\u00e9s que enviar el comprobante de pago a mi whatsapp +54 9 11 5419-6159 (o v\u00eda mail a tienda@blog.tukywaingan.com) o de lo contrario tu pedido no podr\u00e1 ser procesado.<\/p>\n\n\n\n<p id=\"block-4790ea79-d4be-465a-b5ce-2b66dd3da2f4\">Dependiendo del banco y la plataforma de pago que uses, los pagos pueden tardar entre 2 y 3 d\u00edas h\u00e1biles en hacerse efectivos, a veces un poco m\u00e1s. Hasta que el pago no sea efectivo no podr\u00e9 preparar y enviar tu pedido, ni tampoco entregarlo personalmente.<\/p>\n\n\n\n<p><\/p>\n\n\n\n<p><br>Ante cualquier consulta no dudes en <a href=\"https:\/\/blog.tukywaingan.com\/index.php\/contact\/\" data-type=\"link\" data-id=\"https:\/\/blog.tukywaingan.com\/index.php\/contact\/\">contactarme<\/a><\/p>\n","protected":false},"excerpt":{"rendered":"<p>Medios de pago Dudas frecuentes Para pagar tu pedido podr\u00e1s usar: &#8211;Todas las tarjetas que ofrece la plataforma de pagos Ual\u00e1 Bis &#8230; <\/p>\n<p class=\"read-more-container\"><a title=\"Medios de pago\" class=\"read-more button\" href=\"https:\/\/blog.tukywaingan.com\/index.php\/medios-de-pago#more-8993\" aria-label=\"Leer m\u00e1s sobre Medios de pago\">Leer m\u00e1s<\/a><\/p>\n","protected":false},"author":2,"featured_media":0,"parent":0,"menu_order":0,"comment_status":"closed","ping_status":"closed","template":"","meta":{"jetpack_post_was_ever_published":false,"footnotes":""},"class_list":["post-8993","page","type-page","status-publish"],"jetpack_sharing_enabled":true,"jetpack_likes_enabled":false,"_links":{"self":[{"href":"https:\/\/blog.tukywaingan.com\/index.php\/wp-json\/wp\/v2\/pages\/8993","targetHints":{"allow":["GET"]}}],"collection":[{"href":"https:\/\/blog.tukywaingan.com\/index.php\/wp-json\/wp\/v2\/pages"}],"about":[{"href":"https:\/\/blog.tukywaingan.com\/index.php\/wp-json\/wp\/v2\/types\/page"}],"author":[{"embeddable":true,"href":"https:\/\/blog.tukywaingan.com\/index.php\/wp-json\/wp\/v2\/users\/2"}],"replies":[{"embeddable":true,"href":"https:\/\/blog.tukywaingan.com\/index.php\/wp-json\/wp\/v2\/comments?post=8993"}],"version-history":[{"count":6,"href":"https:\/\/blog.tukywaingan.com\/index.php\/wp-json\/wp\/v2\/pages\/8993\/revisions"}],"predecessor-version":[{"id":9024,"href":"https:\/\/blog.tukywaingan.com\/index.php\/wp-json\/wp\/v2\/pages\/8993\/revisions\/9024"}],"wp:attachment":[{"href":"https:\/\/blog.tukywaingan.com\/index.php\/wp-json\/wp\/v2\/media?parent=8993"}],"curies":[{"name":"wp","href":"https:\/\/api.w.org\/{rel}","templated":true}]}}